{"id":1856,"date":"2026-03-23T11:12:51","date_gmt":"2026-03-23T10:12:51","guid":{"rendered":"https:\/\/www.limbergerbouwservice.nl\/?page_id=1856"},"modified":"2026-03-25T16:22:13","modified_gmt":"2026-03-25T15:22:13","slug":"timmerman-helmond","status":"publish","type":"page","link":"https:\/\/www.limbergerbouwservice.nl\/de\/timmerman-helmond\/","title":{"rendered":"Timmerman Helmond"},"content":{"rendered":"<div data-elementor-type=\"wp-page\" data-elementor-id=\"1856\" class=\"elementor elementor-1856\" data-elementor-post-type=\"page\">\n\t\t\t\t\t\t<section class=\"elementor-section elementor-top-section elementor-element elementor-element-24cc00a5 elementor-section-boxed elementor-section-height-default elementor-section-height-default\" data-id=\"24cc00a5\" data-element_type=\"section\" data-e-type=\"section\">\n\t\t\t\t\t\t<div class=\"elementor-container elementor-column-gap-default\">\n\t\t\t\t\t<div class=\"elementor-column elementor-col-100 elementor-top-column elementor-element elementor-element-556de0f4\" data-id=\"556de0f4\" data-element_type=\"column\" data-e-type=\"column\">\n\t\t\t<div class=\"elementor-widget-wrap elementor-element-populated\">\n\t\t\t\t\t\t<div class=\"elementor-element elementor-element-3bc8e84b elementor-widget elementor-widget-text-editor\" data-id=\"3bc8e84b\" data-element_type=\"widget\" data-e-type=\"widget\" data-widget_type=\"text-editor.default\">\n\t\t\t\t<div class=\"elementor-widget-container\">\n\t\t\t\t\t\t\t\t\t\n<p>\u00a0<\/p>\n<p>\u00a0<\/p>\n<p>\u00a0<\/p>\n<p>Timmerman Helmond gezocht? Welkom bij Limberger Bouwservice uit Deurne! Wij zijn al jaren actief als all-round timmerbedrijf in de regio met goede reviews.<\/p>\n\n<p>Wij doen alle veel voorkomende timmerwerken aan uw woning of pand waarbij hout het hoofdmateriaal is. Dat kan vari\u00ebren van complete houtconstructies tot afwerkingen en maatwerk. Zie onderaan deze pagina wat wij zoal voor u kunnen betekenen en maken.<\/p>\n\n<p>Dit doen we zowel voor particulieren als bedrijven in de hele regio Helmond. Dus ook als u woonachtig of gevestigd bent in Mierlo, Nuenen of Beek en Donk..<\/p>\n\n<h2 class=\"wp-block-heading\"><strong>Onze timmerwerken<\/strong><\/h2>\n\n<p>We maken alle gangbare soorten timmerwerken in en om uw huis of bedrijfspand. Denk aan het plaatsen van een nieuwe trap, het bouwen van een schutting of het realiseren van een complete overkapping. Onze timmerwerkzaamheden omvatten onder andere:<\/p>\n\n<ul class=\"wp-block-list\">\n<li>Deuren en kozijnen<\/li>\n\n<li>Dakkapellen<\/li>\n\n<li><a id=\"159\" href=\"https:\/\/www.limbergerbouwservice.nl\/de\/schutzraume\/\" type=\"page\">\u00dcberdachungen<\/a><\/li>\n\n<li>Tuinhuisjes<\/li>\n\n<li>Trappen en trapleuningen<\/li>\n\n<li>Houtskeletbouw<\/li>\n\n<li>Vloeren en plinten<\/li>\n\n<li>Houten meubels op maat<\/li>\n\n<li>Hekken<\/li>\n\n<li><a id=\"158\" href=\"https:\/\/www.limbergerbouwservice.nl\/de\/zaune\/\" type=\"page\">Houten schuttingen<\/a><\/li>\n<\/ul>\n\n<h2 class=\"wp-block-heading\"><strong>Onze werkwijze: vrijblijvende inventarisatie en offerte<\/strong><\/h2>\n\n<p>Wij komen allereerst altijd bij u op vrijblijvend op bezoek om te inventariseren wat er moet gebeuren als u interesse heeft in onze diensten. Op basis daarvan maken we een vrijblijvend voorstel.<\/p>\n\n<p>Als u deze offerte accepteert gaan we voor u aan de slag. Wij werken als ervaren timmermannen altijd nauwkeurig, effici\u00ebnt en met oog voor detail. En laten niet te vergeten uiteraard alles netjes achter.<\/p>\n\n<h2 class=\"wp-block-heading\"><strong>Kontakt<\/strong><\/h2>\n\n<p>Wilt u meer weten of wilt u al een afspraak maken voor een vrijblijvend bezoek? Neem dan contact op met ons. We zijn telefonisch te bereiken op <a href=\"tel:0031493361001\">0493-361001<\/a> en via e-mail: <a href=\"mailto:info@limbergerbouwservice.nl\">info@limbergerbouwservice.nl<\/a><\/p>\n\n<p>Voor een all-round timmerman in de buurt van Helmond moet u dus bij Limberger Bouwservice zijn!<\/p>\n\n<figure class=\"wp-block-gallery has-nested-images columns-default is-cropped wp-block-gallery-2 is-layout-flex wp-block-gallery-is-layout-flex\">\n<figure class=\"wp-block-image size-large\"><img fetchpriority=\"high\" decoding=\"async\" width=\"768\" height=\"1024\" data-id=\"1862\" class=\"wp-image-1862\" src=\"https:\/\/www.limbergerbouwservice.nl\/wp-content\/uploads\/2026\/03\/10_timmerman-eindhoven39-1-768x1024.jpg\" alt=\"timmerman Helmond\" srcset=\"https:\/\/www.limbergerbouwservice.nl\/wp-content\/uploads\/2026\/03\/10_timmerman-eindhoven39-1-768x1024.jpg 768w, https:\/\/www.limbergerbouwservice.nl\/wp-content\/uploads\/2026\/03\/10_timmerman-eindhoven39-1-225x300.jpg 225w, https:\/\/www.limbergerbouwservice.nl\/wp-content\/uploads\/2026\/03\/10_timmerman-eindhoven39-1-1152x1536.jpg 1152w, https:\/\/www.limbergerbouwservice.nl\/wp-content\/uploads\/2026\/03\/10_timmerman-eindhoven39-1-9x12.jpg 9w, https:\/\/www.limbergerbouwservice.nl\/wp-content\/uploads\/2026\/03\/10_timmerman-eindhoven39-1.jpg 1200w\" sizes=\"(max-width: 768px) 100vw, 768px\" \/><\/figure>\n\n<figure class=\"wp-block-image size-large\"><img decoding=\"async\" width=\"577\" height=\"1024\" data-id=\"1857\" class=\"wp-image-1857\" src=\"https:\/\/www.limbergerbouwservice.nl\/wp-content\/uploads\/2026\/03\/9_timmerman-eindhoven31-1-577x1024.jpg\" alt=\"\" srcset=\"https:\/\/www.limbergerbouwservice.nl\/wp-content\/uploads\/2026\/03\/9_timmerman-eindhoven31-1-577x1024.jpg 577w, https:\/\/www.limbergerbouwservice.nl\/wp-content\/uploads\/2026\/03\/9_timmerman-eindhoven31-1-169x300.jpg 169w, https:\/\/www.limbergerbouwservice.nl\/wp-content\/uploads\/2026\/03\/9_timmerman-eindhoven31-1-768x1364.jpg 768w, https:\/\/www.limbergerbouwservice.nl\/wp-content\/uploads\/2026\/03\/9_timmerman-eindhoven31-1-865x1536.jpg 865w, https:\/\/www.limbergerbouwservice.nl\/wp-content\/uploads\/2026\/03\/9_timmerman-eindhoven31-1-7x12.jpg 7w, https:\/\/www.limbergerbouwservice.nl\/wp-content\/uploads\/2026\/03\/9_timmerman-eindhoven31-1.jpg 901w\" sizes=\"(max-width: 577px) 100vw, 577px\" \/><\/figure>\n\n<figure class=\"wp-block-image size-large\"><img decoding=\"async\" width=\"1024\" height=\"576\" data-id=\"1863\" class=\"wp-image-1863\" src=\"https:\/\/www.limbergerbouwservice.nl\/wp-content\/uploads\/2026\/03\/8_-1-1024x576.jpg\" alt=\"\" srcset=\"https:\/\/www.limbergerbouwservice.nl\/wp-content\/uploads\/2026\/03\/8_-1-1024x576.jpg 1024w, https:\/\/www.limbergerbouwservice.nl\/wp-content\/uploads\/2026\/03\/8_-1-300x169.jpg 300w, https:\/\/www.limbergerbouwservice.nl\/wp-content\/uploads\/2026\/03\/8_-1-768x432.jpg 768w, https:\/\/www.limbergerbouwservice.nl\/wp-content\/uploads\/2026\/03\/8_-1-1536x864.jpg 1536w, https:\/\/www.limbergerbouwservice.nl\/wp-content\/uploads\/2026\/03\/8_-1-18x10.jpg 18w, https:\/\/www.limbergerbouwservice.nl\/wp-content\/uploads\/2026\/03\/8_-1.jpg 1600w\" sizes=\"(max-width: 1024px) 100vw, 1024px\" \/><\/figure>\n\n<figure class=\"wp-block-image size-large\"><img loading=\"lazy\" decoding=\"async\" width=\"1024\" height=\"576\" data-id=\"1865\" class=\"wp-image-1865\" src=\"https:\/\/www.limbergerbouwservice.nl\/wp-content\/uploads\/2026\/03\/7_timmerman-eindhoven21-1-1024x576.jpg\" alt=\"\" srcset=\"https:\/\/www.limbergerbouwservice.nl\/wp-content\/uploads\/2026\/03\/7_timmerman-eindhoven21-1-1024x576.jpg 1024w, https:\/\/www.limbergerbouwservice.nl\/wp-content\/uploads\/2026\/03\/7_timmerman-eindhoven21-1-300x169.jpg 300w, https:\/\/www.limbergerbouwservice.nl\/wp-content\/uploads\/2026\/03\/7_timmerman-eindhoven21-1-768x432.jpg 768w, https:\/\/www.limbergerbouwservice.nl\/wp-content\/uploads\/2026\/03\/7_timmerman-eindhoven21-1-1536x864.jpg 1536w, https:\/\/www.limbergerbouwservice.nl\/wp-content\/uploads\/2026\/03\/7_timmerman-eindhoven21-1-18x10.jpg 18w, https:\/\/www.limbergerbouwservice.nl\/wp-content\/uploads\/2026\/03\/7_timmerman-eindhoven21-1.jpg 1600w\" sizes=\"(max-width: 1024px) 100vw, 1024px\" \/><\/figure>\n\n<figure class=\"wp-block-image size-large\"><img loading=\"lazy\" decoding=\"async\" width=\"1024\" height=\"576\" data-id=\"1859\" class=\"wp-image-1859\" src=\"https:\/\/www.limbergerbouwservice.nl\/wp-content\/uploads\/2026\/03\/6_timmerman-eindhoven18-1-1024x576.jpg\" alt=\"\" srcset=\"https:\/\/www.limbergerbouwservice.nl\/wp-content\/uploads\/2026\/03\/6_timmerman-eindhoven18-1-1024x576.jpg 1024w, https:\/\/www.limbergerbouwservice.nl\/wp-content\/uploads\/2026\/03\/6_timmerman-eindhoven18-1-300x169.jpg 300w, https:\/\/www.limbergerbouwservice.nl\/wp-content\/uploads\/2026\/03\/6_timmerman-eindhoven18-1-768x432.jpg 768w, https:\/\/www.limbergerbouwservice.nl\/wp-content\/uploads\/2026\/03\/6_timmerman-eindhoven18-1-1536x864.jpg 1536w, https:\/\/www.limbergerbouwservice.nl\/wp-content\/uploads\/2026\/03\/6_timmerman-eindhoven18-1-18x10.jpg 18w, https:\/\/www.limbergerbouwservice.nl\/wp-content\/uploads\/2026\/03\/6_timmerman-eindhoven18-1.jpg 1600w\" sizes=\"(max-width: 1024px) 100vw, 1024px\" \/><\/figure>\n\n<figure class=\"wp-block-image size-large\"><img loading=\"lazy\" decoding=\"async\" width=\"1024\" height=\"576\" data-id=\"1864\" class=\"wp-image-1864\" src=\"https:\/\/www.limbergerbouwservice.nl\/wp-content\/uploads\/2026\/03\/5_timmerman-eindhoven15-1-1024x576.jpg\" alt=\"\" srcset=\"https:\/\/www.limbergerbouwservice.nl\/wp-content\/uploads\/2026\/03\/5_timmerman-eindhoven15-1-1024x576.jpg 1024w, https:\/\/www.limbergerbouwservice.nl\/wp-content\/uploads\/2026\/03\/5_timmerman-eindhoven15-1-300x169.jpg 300w, https:\/\/www.limbergerbouwservice.nl\/wp-content\/uploads\/2026\/03\/5_timmerman-eindhoven15-1-768x432.jpg 768w, https:\/\/www.limbergerbouwservice.nl\/wp-content\/uploads\/2026\/03\/5_timmerman-eindhoven15-1-1536x864.jpg 1536w, https:\/\/www.limbergerbouwservice.nl\/wp-content\/uploads\/2026\/03\/5_timmerman-eindhoven15-1-18x10.jpg 18w, https:\/\/www.limbergerbouwservice.nl\/wp-content\/uploads\/2026\/03\/5_timmerman-eindhoven15-1.jpg 1600w\" sizes=\"(max-width: 1024px) 100vw, 1024px\" \/><\/figure>\n\n<figure class=\"wp-block-image size-large\"><img loading=\"lazy\" decoding=\"async\" width=\"1024\" height=\"768\" data-id=\"1861\" class=\"wp-image-1861\" src=\"https:\/\/www.limbergerbouwservice.nl\/wp-content\/uploads\/2026\/03\/4_timmerman-eindhoven14-1-1024x768.jpg\" alt=\"\" srcset=\"https:\/\/www.limbergerbouwservice.nl\/wp-content\/uploads\/2026\/03\/4_timmerman-eindhoven14-1-1024x768.jpg 1024w, https:\/\/www.limbergerbouwservice.nl\/wp-content\/uploads\/2026\/03\/4_timmerman-eindhoven14-1-300x225.jpg 300w, https:\/\/www.limbergerbouwservice.nl\/wp-content\/uploads\/2026\/03\/4_timmerman-eindhoven14-1-768x576.jpg 768w, https:\/\/www.limbergerbouwservice.nl\/wp-content\/uploads\/2026\/03\/4_timmerman-eindhoven14-1-1536x1152.jpg 1536w, https:\/\/www.limbergerbouwservice.nl\/wp-content\/uploads\/2026\/03\/4_timmerman-eindhoven14-1-16x12.jpg 16w, https:\/\/www.limbergerbouwservice.nl\/wp-content\/uploads\/2026\/03\/4_timmerman-eindhoven14-1.jpg 1600w\" sizes=\"(max-width: 1024px) 100vw, 1024px\" \/><\/figure>\n\n<figure class=\"wp-block-image size-large\"><img loading=\"lazy\" decoding=\"async\" width=\"1024\" height=\"768\" data-id=\"1858\" class=\"wp-image-1858\" src=\"https:\/\/www.limbergerbouwservice.nl\/wp-content\/uploads\/2026\/03\/2_timmerman-eindhoven8-1-1024x768.jpg\" alt=\"\" srcset=\"https:\/\/www.limbergerbouwservice.nl\/wp-content\/uploads\/2026\/03\/2_timmerman-eindhoven8-1-1024x768.jpg 1024w, https:\/\/www.limbergerbouwservice.nl\/wp-content\/uploads\/2026\/03\/2_timmerman-eindhoven8-1-300x225.jpg 300w, https:\/\/www.limbergerbouwservice.nl\/wp-content\/uploads\/2026\/03\/2_timmerman-eindhoven8-1-768x576.jpg 768w, https:\/\/www.limbergerbouwservice.nl\/wp-content\/uploads\/2026\/03\/2_timmerman-eindhoven8-1-1536x1152.jpg 1536w, https:\/\/www.limbergerbouwservice.nl\/wp-content\/uploads\/2026\/03\/2_timmerman-eindhoven8-1-16x12.jpg 16w, https:\/\/www.limbergerbouwservice.nl\/wp-content\/uploads\/2026\/03\/2_timmerman-eindhoven8-1.jpg 1600w\" sizes=\"(max-width: 1024px) 100vw, 1024px\" \/><\/figure>\n\n<figure class=\"wp-block-image size-large\"><img loading=\"lazy\" decoding=\"async\" width=\"576\" height=\"1024\" data-id=\"1860\" class=\"wp-image-1860\" src=\"https:\/\/www.limbergerbouwservice.nl\/wp-content\/uploads\/2026\/03\/1_timmerman-eindhoven-1-576x1024.jpg\" alt=\"\" srcset=\"https:\/\/www.limbergerbouwservice.nl\/wp-content\/uploads\/2026\/03\/1_timmerman-eindhoven-1-576x1024.jpg 576w, https:\/\/www.limbergerbouwservice.nl\/wp-content\/uploads\/2026\/03\/1_timmerman-eindhoven-1-169x300.jpg 169w, https:\/\/www.limbergerbouwservice.nl\/wp-content\/uploads\/2026\/03\/1_timmerman-eindhoven-1-768x1365.jpg 768w, https:\/\/www.limbergerbouwservice.nl\/wp-content\/uploads\/2026\/03\/1_timmerman-eindhoven-1-864x1536.jpg 864w, https:\/\/www.limbergerbouwservice.nl\/wp-content\/uploads\/2026\/03\/1_timmerman-eindhoven-1-7x12.jpg 7w, https:\/\/www.limbergerbouwservice.nl\/wp-content\/uploads\/2026\/03\/1_timmerman-eindhoven-1.jpg 900w\" sizes=\"(max-width: 576px) 100vw, 576px\" \/><\/figure>\n<\/figure>\n\t\t\t\t\t\t\t\t<\/div>\n\t\t\t\t<\/div>\n\t\t\t\t\t<\/div>\n\t\t<\/div>\n\t\t\t\t\t<\/div>\n\t\t<\/section>\n\t\t\t\t<\/div>","protected":false},"excerpt":{"rendered":"<p>\u00a0 \u00a0 \u00a0 Timmerman Helmond gezocht? Welkom bij Limberger Bouwservice uit Deurne! Wij zijn al jaren actief als all-round timmerbedrijf in de regio met goede reviews. Wij doen alle veel voorkomende timmerwerken aan uw woning of pand waarbij hout het hoofdmateriaal is. Dat kan vari\u00ebren van complete houtconstructies tot afwerkingen en maatwerk. Zie onderaan deze [&hellip;]<\/p>\n","protected":false},"author":9,"featured_media":0,"parent":0,"menu_order":0,"comment_status":"closed","ping_status":"closed","template":"","meta":{"footnotes":""},"class_list":["post-1856","page","type-page","status-publish","hentry"],"yoast_head":"<!-- This site is optimized with the Yoast SEO plugin v27.3 - https:\/\/yoast.com\/product\/yoast-seo-wordpress\/ -->\n<title>Timmerman Helmond - Limberger Bouwservice<\/title>\n<meta name=\"description\" content=\"Timmerman Helmond gezocht? Al jaren actief, van houten dakconstructie tot houten hekwerken. Goede reviews, vrijblijvende offerte.\" \/>\n<meta name=\"robots\" content=\"index, follow, max-snippet:-1, max-image-preview:large, max-video-preview:-1\" \/>\n<link rel=\"canonical\" href=\"https:\/\/www.limbergerbouwservice.nl\/de\/timmerman-helmond\/\" \/>\n<meta property=\"og:locale\" content=\"de_DE\" \/>\n<meta property=\"og:type\" content=\"article\" \/>\n<meta property=\"og:title\" content=\"Timmerman Helmond - Limberger Bouwservice\" \/>\n<meta property=\"og:description\" content=\"Timmerman Helmond gezocht? Al jaren actief, van houten dakconstructie tot houten hekwerken. Goede reviews, vrijblijvende offerte.\" \/>\n<meta property=\"og:url\" content=\"https:\/\/www.limbergerbouwservice.nl\/de\/timmerman-helmond\/\" \/>\n<meta property=\"og:site_name\" content=\"Limberger Bouwservice\" \/>\n<meta property=\"article:modified_time\" content=\"2026-03-25T15:22:13+00:00\" \/>\n<meta property=\"og:image\" content=\"https:\/\/www.limbergerbouwservice.nl\/wp-content\/uploads\/2026\/03\/10_timmerman-eindhoven39-1.jpg\" \/>\n\t<meta property=\"og:image:width\" content=\"1200\" \/>\n\t<meta property=\"og:image:height\" content=\"1600\" \/>\n\t<meta property=\"og:image:type\" content=\"image\/jpeg\" \/>\n<meta name=\"twitter:card\" content=\"summary_large_image\" \/>\n<meta name=\"twitter:label1\" content=\"Gesch\u00e4tzte Lesezeit\" \/>\n\t<meta name=\"twitter:data1\" content=\"4\u00a0Minuten\" \/>\n<script type=\"application\/ld+json\" class=\"yoast-schema-graph\">{\"@context\":\"https:\\\/\\\/schema.org\",\"@graph\":[{\"@type\":\"WebPage\",\"@id\":\"https:\\\/\\\/www.limbergerbouwservice.nl\\\/timmerman-helmond\\\/\",\"url\":\"https:\\\/\\\/www.limbergerbouwservice.nl\\\/timmerman-helmond\\\/\",\"name\":\"Timmerman Helmond - Limberger Bouwservice\",\"isPartOf\":{\"@id\":\"https:\\\/\\\/www.limbergerbouwservice.nl\\\/#website\"},\"primaryImageOfPage\":{\"@id\":\"https:\\\/\\\/www.limbergerbouwservice.nl\\\/timmerman-helmond\\\/#primaryimage\"},\"image\":{\"@id\":\"https:\\\/\\\/www.limbergerbouwservice.nl\\\/timmerman-helmond\\\/#primaryimage\"},\"thumbnailUrl\":\"https:\\\/\\\/www.limbergerbouwservice.nl\\\/wp-content\\\/uploads\\\/2026\\\/03\\\/10_timmerman-eindhoven39-1-768x1024.jpg\",\"datePublished\":\"2026-03-23T10:12:51+00:00\",\"dateModified\":\"2026-03-25T15:22:13+00:00\",\"description\":\"Timmerman Helmond gezocht? Al jaren actief, van houten dakconstructie tot houten hekwerken. Goede reviews, vrijblijvende offerte.\",\"breadcrumb\":{\"@id\":\"https:\\\/\\\/www.limbergerbouwservice.nl\\\/timmerman-helmond\\\/#breadcrumb\"},\"inLanguage\":\"de\",\"potentialAction\":[{\"@type\":\"ReadAction\",\"target\":[\"https:\\\/\\\/www.limbergerbouwservice.nl\\\/timmerman-helmond\\\/\"]}]},{\"@type\":\"ImageObject\",\"inLanguage\":\"de\",\"@id\":\"https:\\\/\\\/www.limbergerbouwservice.nl\\\/timmerman-helmond\\\/#primaryimage\",\"url\":\"https:\\\/\\\/www.limbergerbouwservice.nl\\\/wp-content\\\/uploads\\\/2026\\\/03\\\/10_timmerman-eindhoven39-1-768x1024.jpg\",\"contentUrl\":\"https:\\\/\\\/www.limbergerbouwservice.nl\\\/wp-content\\\/uploads\\\/2026\\\/03\\\/10_timmerman-eindhoven39-1-768x1024.jpg\"},{\"@type\":\"BreadcrumbList\",\"@id\":\"https:\\\/\\\/www.limbergerbouwservice.nl\\\/timmerman-helmond\\\/#breadcrumb\",\"itemListElement\":[{\"@type\":\"ListItem\",\"position\":1,\"name\":\"Home\",\"item\":\"https:\\\/\\\/www.limbergerbouwservice.nl\\\/\"},{\"@type\":\"ListItem\",\"position\":2,\"name\":\"Timmerman Helmond\"}]},{\"@type\":\"WebSite\",\"@id\":\"https:\\\/\\\/www.limbergerbouwservice.nl\\\/#website\",\"url\":\"https:\\\/\\\/www.limbergerbouwservice.nl\\\/\",\"name\":\"Limberger Bouwservice\",\"description\":\"Glazen schuifwanden, schutting &amp; overkappingen\",\"publisher\":{\"@id\":\"https:\\\/\\\/www.limbergerbouwservice.nl\\\/#organization\"},\"potentialAction\":[{\"@type\":\"SearchAction\",\"target\":{\"@type\":\"EntryPoint\",\"urlTemplate\":\"https:\\\/\\\/www.limbergerbouwservice.nl\\\/?s={search_term_string}\"},\"query-input\":{\"@type\":\"PropertyValueSpecification\",\"valueRequired\":true,\"valueName\":\"search_term_string\"}}],\"inLanguage\":\"de\"},{\"@type\":\"Organization\",\"@id\":\"https:\\\/\\\/www.limbergerbouwservice.nl\\\/#organization\",\"name\":\"Limberger Bouwservice\",\"url\":\"https:\\\/\\\/www.limbergerbouwservice.nl\\\/\",\"logo\":{\"@type\":\"ImageObject\",\"inLanguage\":\"de\",\"@id\":\"https:\\\/\\\/www.limbergerbouwservice.nl\\\/#\\\/schema\\\/logo\\\/image\\\/\",\"url\":\"https:\\\/\\\/www.limbergerbouwservice.nl\\\/wp-content\\\/uploads\\\/2021\\\/03\\\/Limberger-Bouwservice-logo.svg\",\"contentUrl\":\"https:\\\/\\\/www.limbergerbouwservice.nl\\\/wp-content\\\/uploads\\\/2021\\\/03\\\/Limberger-Bouwservice-logo.svg\",\"caption\":\"Limberger Bouwservice\"},\"image\":{\"@id\":\"https:\\\/\\\/www.limbergerbouwservice.nl\\\/#\\\/schema\\\/logo\\\/image\\\/\"}}]}<\/script>\n<!-- \/ Yoast SEO plugin. -->","yoast_head_json":{"title":"Timmerman Helmond - Limberger Bouwservice","description":"Timmerman Helmond gezocht? Al jaren actief, van houten dakconstructie tot houten hekwerken. Goede reviews, vrijblijvende offerte.","robots":{"index":"index","follow":"follow","max-snippet":"max-snippet:-1","max-image-preview":"max-image-preview:large","max-video-preview":"max-video-preview:-1"},"canonical":"https:\/\/www.limbergerbouwservice.nl\/de\/timmerman-helmond\/","og_locale":"de_DE","og_type":"article","og_title":"Timmerman Helmond - Limberger Bouwservice","og_description":"Timmerman Helmond gezocht? Al jaren actief, van houten dakconstructie tot houten hekwerken. Goede reviews, vrijblijvende offerte.","og_url":"https:\/\/www.limbergerbouwservice.nl\/de\/timmerman-helmond\/","og_site_name":"Limberger Bouwservice","article_modified_time":"2026-03-25T15:22:13+00:00","og_image":[{"width":1200,"height":1600,"url":"https:\/\/www.limbergerbouwservice.nl\/wp-content\/uploads\/2026\/03\/10_timmerman-eindhoven39-1.jpg","type":"image\/jpeg"}],"twitter_card":"summary_large_image","twitter_misc":{"Gesch\u00e4tzte Lesezeit":"4\u00a0Minuten"},"schema":{"@context":"https:\/\/schema.org","@graph":[{"@type":"WebPage","@id":"https:\/\/www.limbergerbouwservice.nl\/timmerman-helmond\/","url":"https:\/\/www.limbergerbouwservice.nl\/timmerman-helmond\/","name":"Timmerman Helmond - Limberger Bouwservice","isPartOf":{"@id":"https:\/\/www.limbergerbouwservice.nl\/#website"},"primaryImageOfPage":{"@id":"https:\/\/www.limbergerbouwservice.nl\/timmerman-helmond\/#primaryimage"},"image":{"@id":"https:\/\/www.limbergerbouwservice.nl\/timmerman-helmond\/#primaryimage"},"thumbnailUrl":"https:\/\/www.limbergerbouwservice.nl\/wp-content\/uploads\/2026\/03\/10_timmerman-eindhoven39-1-768x1024.jpg","datePublished":"2026-03-23T10:12:51+00:00","dateModified":"2026-03-25T15:22:13+00:00","description":"Timmerman Helmond gezocht? Al jaren actief, van houten dakconstructie tot houten hekwerken. Goede reviews, vrijblijvende offerte.","breadcrumb":{"@id":"https:\/\/www.limbergerbouwservice.nl\/timmerman-helmond\/#breadcrumb"},"inLanguage":"de","potentialAction":[{"@type":"ReadAction","target":["https:\/\/www.limbergerbouwservice.nl\/timmerman-helmond\/"]}]},{"@type":"ImageObject","inLanguage":"de","@id":"https:\/\/www.limbergerbouwservice.nl\/timmerman-helmond\/#primaryimage","url":"https:\/\/www.limbergerbouwservice.nl\/wp-content\/uploads\/2026\/03\/10_timmerman-eindhoven39-1-768x1024.jpg","contentUrl":"https:\/\/www.limbergerbouwservice.nl\/wp-content\/uploads\/2026\/03\/10_timmerman-eindhoven39-1-768x1024.jpg"},{"@type":"BreadcrumbList","@id":"https:\/\/www.limbergerbouwservice.nl\/timmerman-helmond\/#breadcrumb","itemListElement":[{"@type":"ListItem","position":1,"name":"Home","item":"https:\/\/www.limbergerbouwservice.nl\/"},{"@type":"ListItem","position":2,"name":"Timmerman Helmond"}]},{"@type":"WebSite","@id":"https:\/\/www.limbergerbouwservice.nl\/#website","url":"https:\/\/www.limbergerbouwservice.nl\/","name":"Limberger Bouwservice","description":"Glasschiebew\u00e4nde, Z\u00e4une und Vord\u00e4cher","publisher":{"@id":"https:\/\/www.limbergerbouwservice.nl\/#organization"},"potentialAction":[{"@type":"SearchAction","target":{"@type":"EntryPoint","urlTemplate":"https:\/\/www.limbergerbouwservice.nl\/?s={search_term_string}"},"query-input":{"@type":"PropertyValueSpecification","valueRequired":true,"valueName":"search_term_string"}}],"inLanguage":"de"},{"@type":"Organization","@id":"https:\/\/www.limbergerbouwservice.nl\/#organization","name":"Limberger Bouwservice","url":"https:\/\/www.limbergerbouwservice.nl\/","logo":{"@type":"ImageObject","inLanguage":"de","@id":"https:\/\/www.limbergerbouwservice.nl\/#\/schema\/logo\/image\/","url":"https:\/\/www.limbergerbouwservice.nl\/wp-content\/uploads\/2021\/03\/Limberger-Bouwservice-logo.svg","contentUrl":"https:\/\/www.limbergerbouwservice.nl\/wp-content\/uploads\/2021\/03\/Limberger-Bouwservice-logo.svg","caption":"Limberger Bouwservice"},"image":{"@id":"https:\/\/www.limbergerbouwservice.nl\/#\/schema\/logo\/image\/"}}]}},"_links":{"self":[{"href":"https:\/\/www.limbergerbouwservice.nl\/de\/wp-json\/wp\/v2\/pages\/1856","targetHints":{"allow":["GET"]}}],"collection":[{"href":"https:\/\/www.limbergerbouwservice.nl\/de\/wp-json\/wp\/v2\/pages"}],"about":[{"href":"https:\/\/www.limbergerbouwservice.nl\/de\/wp-json\/wp\/v2\/types\/page"}],"author":[{"embeddable":true,"href":"https:\/\/www.limbergerbouwservice.nl\/de\/wp-json\/wp\/v2\/users\/9"}],"replies":[{"embeddable":true,"href":"https:\/\/www.limbergerbouwservice.nl\/de\/wp-json\/wp\/v2\/comments?post=1856"}],"version-history":[{"count":4,"href":"https:\/\/www.limbergerbouwservice.nl\/de\/wp-json\/wp\/v2\/pages\/1856\/revisions"}],"predecessor-version":[{"id":1894,"href":"https:\/\/www.limbergerbouwservice.nl\/de\/wp-json\/wp\/v2\/pages\/1856\/revisions\/1894"}],"wp:attachment":[{"href":"https:\/\/www.limbergerbouwservice.nl\/de\/wp-json\/wp\/v2\/media?parent=1856"}],"curies":[{"name":"wp","href":"https:\/\/api.w.org\/{rel}","templated":true}]}}