{"id":1593,"date":"2025-06-11T10:05:32","date_gmt":"2025-06-11T08:05:32","guid":{"rendered":"https:\/\/www.limbergerbouwservice.nl\/glazen-schuifwand-arnhem\/"},"modified":"2025-06-12T13:36:59","modified_gmt":"2025-06-12T11:36:59","slug":"glasschiebewand-arnhem","status":"publish","type":"page","link":"https:\/\/www.limbergerbouwservice.nl\/de\/glazen-schuifwand-arnhem\/","title":{"rendered":"Glasschiebewand Arnheim"},"content":{"rendered":"<p>Glasschiebetrennw\u00e4nde Arnheim? Wir montieren sie schnell und professionell f\u00fcr Sie in den gesamten Niederlanden. Also auch in Arnheim und Umgebung, wie Duiven, Oosterbeek, Zevenaar und Renkum. Sie k\u00f6nnen sich f\u00fcr Schiebew\u00e4nde in verschiedenen Gr\u00f6\u00dfen und Ausf\u00fchrungen an uns wenden, denn wir montieren Schiebew\u00e4nde nach Ma\u00df.<\/p>\n<h2 class=\"wp-block-heading\"><strong>Unsere Vorteile:<\/strong><\/h2>\n<ul class=\"wp-block-list\">\n<li>Mehr als 500 Glasschiebew\u00e4nde bereits installiert<\/li>\n<li>Gute Kritiken<\/li>\n<li>Ma\u00dfgeschneidert<\/li>\n<li>Kostenloses Angebot<\/li>\n<li>Schnelle und professionelle Installation<\/li>\n<\/ul>\n<h2 class=\"wp-block-heading\"><strong>Sie brauchen Inspiration?<\/strong><\/h2>\n<p>Sie sind sich noch nicht sicher, welche Glasschiebewand f\u00fcr Ihre Situation am besten geeignet ist? Werfen Sie einen Blick auf unsere\u00a0<a href=\"https:\/\/www.limbergerbouwservice.nl\/de\/glasschiebewande\/\" data-type=\"link\" data-id=\"https:\/\/www.limbergerbouwservice.nl\/glazen-schuifwanden\/\"><strong>durchgef\u00fchrte Projekte<\/strong>\u00a0<\/a>und entdecken Sie die M\u00f6glichkeiten. Haben Sie Fragen oder brauchen Sie eine Beratung? Rufen Sie uns an, wir denken gerne mit Ihnen mit und machen Ihnen einen passenden Vorschlag.<\/p>\n<h2 class=\"wp-block-heading\"><strong>Kostenloses Angebot<\/strong><\/h2>\n<p>M\u00f6chten Sie eine Preisangabe? Besuchen Sie unser\u00a0<strong><a href=\"https:\/\/www.limbergerbouwservice.nl\/de\/kontakt\/\">Kontaktseite<\/a>\u00a0<\/strong>und f\u00fcllen Sie innerhalb von f\u00fcnf Minuten unser Formular aus. Innerhalb von zwei Arbeitstagen erhalten Sie ein individuelles, unverbindliches Angebot, damit Sie genau wissen, woran Sie sind. Sie k\u00f6nnen es auch direkt anfordern:\u00a0<strong><a href=\"https:\/\/www.limbergerbouwservice.nl\/de\/kontakt\/zitat-glasschiebewand\/\" data-type=\"link\" data-id=\"https:\/\/www.limbergerbouwservice.nl\/contact\/offerte-glazen-schuifwand\/\">Unverbindlicher Kostenvoranschlag f\u00fcr den Einbau von Schiebew\u00e4nden<\/a><\/strong><\/p>\n<h2 class=\"wp-block-heading\"><strong>Haben Sie Fragen oder brauchen Sie Rat? Nehmen Sie Kontakt mit uns auf!<\/strong><\/h2>\n<p>Sind Sie interessiert oder m\u00f6chten Sie mehr erfahren? Rufen Sie uns an\u00a0<strong><a href=\"tel:0031493361001\" data-type=\"tel\" data-id=\"tel:0031493361001\">00 - 31 - 493 - 361001<\/a><\/strong>, senden Sie bitte eine E-Mail an\u00a0<strong><a href=\"mailto:info@limbergerbouwservice.nl\">info@limbergerbouwservice.nl<\/a><\/strong>, oder f\u00fcllen Sie direkt das Kontaktformular auf unserer Website aus. Wir werden Sie so schnell wie m\u00f6glich kontaktieren!<\/p>\n<p>Sie suchen nach einer praktischen und eleganten L\u00f6sung? Lassen Sie Ihre Glasschiebewand von uns einbauen und genie\u00dfen Sie einen nahtlosen \u00dcbergang zwischen drinnen und drau\u00dfen!<\/p>\n<p class=\"has-text-align-center\"><strong>Limberger Bouwservice, die Adresse f\u00fcr Glasschiebew\u00e4nde Arnheim!<\/strong><\/p>\n\n\n<figure class=\"wp-block-image size-large\"><img fetchpriority=\"high\" decoding=\"async\" width=\"1024\" height=\"461\" src=\"https:\/\/www.limbergerbouwservice.nl\/wp-content\/uploads\/2025\/06\/PHOTO-2025-06-11-10-25-02-2-Gemiddeld-1024x461.jpg\" alt=\"Glasschiebewand Arnheim inklusive Montage\" class=\"wp-image-1680\" srcset=\"https:\/\/www.limbergerbouwservice.nl\/wp-content\/uploads\/2025\/06\/PHOTO-2025-06-11-10-25-02-2-Gemiddeld-1024x461.jpg 1024w, https:\/\/www.limbergerbouwservice.nl\/wp-content\/uploads\/2025\/06\/PHOTO-2025-06-11-10-25-02-2-Gemiddeld-300x135.jpg 300w, https:\/\/www.limbergerbouwservice.nl\/wp-content\/uploads\/2025\/06\/PHOTO-2025-06-11-10-25-02-2-Gemiddeld-768x346.jpg 768w, https:\/\/www.limbergerbouwservice.nl\/wp-content\/uploads\/2025\/06\/PHOTO-2025-06-11-10-25-02-2-Gemiddeld.jpg 1366w\" sizes=\"(max-width: 1024px) 100vw, 1024px\" \/><\/figure>","protected":false},"excerpt":{"rendered":"<p>Glazen schuifwand Arnhem laten plaatsen? Wij plaatsen ze snel en vakkundig voor u in heel Nederland. Dus ook in Arnhem en omgeving, zoals Duiven, Oosterbeek, Zevenaar en Renkum. Bij ons kunt u terecht voor schuifwanden in diverse afmetingen en uitvoeringen, aangezien we schuifwanden op maat monteren. Onze voordelen: Al meer dan 500 glazen schuifwanden geplaatst [&hellip;]<\/p>\n","protected":false},"author":9,"featured_media":0,"parent":0,"menu_order":0,"comment_status":"closed","ping_status":"closed","template":"","meta":{"footnotes":""},"class_list":["post-1593","page","type-page","status-publish","hentry"],"yoast_head":"<!-- This site is optimized with the Yoast SEO plugin v27.3 - https:\/\/yoast.com\/product\/yoast-seo-wordpress\/ -->\n<title>Glazen schuifwand Arnhem - Limberger Bouwservice<\/title>\n<meta name=\"description\" content=\"Glazen schuifwand Arnhem plaatsen? \u2714 +500 schuifwanden geplaatst \u2714 Goede reviews \u2714 Vrijblijvende offerte \u2714 Maatwerk \u2714 Snelle montage\" \/>\n<meta name=\"robots\" content=\"index, follow, max-snippet:-1, max-image-preview:large, max-video-preview:-1\" \/>\n<link rel=\"canonical\" href=\"https:\/\/www.limbergerbouwservice.nl\/de\/glasschiebewand-arnhem\/\" \/>\n<meta property=\"og:locale\" content=\"de_DE\" \/>\n<meta property=\"og:type\" content=\"article\" \/>\n<meta property=\"og:title\" content=\"Glazen schuifwand Arnhem - Limberger Bouwservice\" \/>\n<meta property=\"og:description\" content=\"Glazen schuifwand Arnhem plaatsen? \u2714 +500 schuifwanden geplaatst \u2714 Goede reviews \u2714 Vrijblijvende offerte \u2714 Maatwerk \u2714 Snelle montage\" \/>\n<meta property=\"og:url\" content=\"https:\/\/www.limbergerbouwservice.nl\/de\/glasschiebewand-arnhem\/\" \/>\n<meta property=\"og:site_name\" content=\"Limberger Bouwservice\" \/>\n<meta property=\"article:modified_time\" content=\"2025-06-12T11:36:59+00:00\" \/>\n<meta property=\"og:image\" content=\"https:\/\/www.limbergerbouwservice.nl\/wp-content\/uploads\/2025\/06\/PHOTO-2025-06-11-10-25-02-2-Gemiddeld.jpg\" \/>\n\t<meta property=\"og:image:width\" content=\"1366\" \/>\n\t<meta property=\"og:image:height\" content=\"615\" \/>\n\t<meta property=\"og:image:type\" content=\"image\/jpeg\" \/>\n<meta name=\"twitter:card\" content=\"summary_large_image\" \/>\n<meta name=\"twitter:label1\" content=\"Gesch\u00e4tzte Lesezeit\" \/>\n\t<meta name=\"twitter:data1\" content=\"2\u00a0Minuten\" \/>\n<script type=\"application\/ld+json\" class=\"yoast-schema-graph\">{\"@context\":\"https:\\\/\\\/schema.org\",\"@graph\":[{\"@type\":\"WebPage\",\"@id\":\"https:\\\/\\\/www.limbergerbouwservice.nl\\\/glazen-schuifwand-arnhem\\\/\",\"url\":\"https:\\\/\\\/www.limbergerbouwservice.nl\\\/glazen-schuifwand-arnhem\\\/\",\"name\":\"Glazen schuifwand Arnhem - Limberger Bouwservice\",\"isPartOf\":{\"@id\":\"https:\\\/\\\/www.limbergerbouwservice.nl\\\/#website\"},\"primaryImageOfPage\":{\"@id\":\"https:\\\/\\\/www.limbergerbouwservice.nl\\\/glazen-schuifwand-arnhem\\\/#primaryimage\"},\"image\":{\"@id\":\"https:\\\/\\\/www.limbergerbouwservice.nl\\\/glazen-schuifwand-arnhem\\\/#primaryimage\"},\"thumbnailUrl\":\"https:\\\/\\\/www.limbergerbouwservice.nl\\\/wp-content\\\/uploads\\\/2025\\\/06\\\/PHOTO-2025-06-11-10-25-02-2-Gemiddeld-1024x461.jpg\",\"datePublished\":\"2025-06-11T08:05:32+00:00\",\"dateModified\":\"2025-06-12T11:36:59+00:00\",\"description\":\"Glazen schuifwand Arnhem plaatsen? \u2714 +500 schuifwanden geplaatst \u2714 Goede reviews \u2714 Vrijblijvende offerte \u2714 Maatwerk \u2714 Snelle montage\",\"breadcrumb\":{\"@id\":\"https:\\\/\\\/www.limbergerbouwservice.nl\\\/glazen-schuifwand-arnhem\\\/#breadcrumb\"},\"inLanguage\":\"de\",\"potentialAction\":[{\"@type\":\"ReadAction\",\"target\":[\"https:\\\/\\\/www.limbergerbouwservice.nl\\\/glazen-schuifwand-arnhem\\\/\"]}]},{\"@type\":\"ImageObject\",\"inLanguage\":\"de\",\"@id\":\"https:\\\/\\\/www.limbergerbouwservice.nl\\\/glazen-schuifwand-arnhem\\\/#primaryimage\",\"url\":\"https:\\\/\\\/www.limbergerbouwservice.nl\\\/wp-content\\\/uploads\\\/2025\\\/06\\\/PHOTO-2025-06-11-10-25-02-2-Gemiddeld-1024x461.jpg\",\"contentUrl\":\"https:\\\/\\\/www.limbergerbouwservice.nl\\\/wp-content\\\/uploads\\\/2025\\\/06\\\/PHOTO-2025-06-11-10-25-02-2-Gemiddeld-1024x461.jpg\"},{\"@type\":\"BreadcrumbList\",\"@id\":\"https:\\\/\\\/www.limbergerbouwservice.nl\\\/glazen-schuifwand-arnhem\\\/#breadcrumb\",\"itemListElement\":[{\"@type\":\"ListItem\",\"position\":1,\"name\":\"Home\",\"item\":\"https:\\\/\\\/www.limbergerbouwservice.nl\\\/\"},{\"@type\":\"ListItem\",\"position\":2,\"name\":\"Glazen schuifwand Arnhem\"}]},{\"@type\":\"WebSite\",\"@id\":\"https:\\\/\\\/www.limbergerbouwservice.nl\\\/#website\",\"url\":\"https:\\\/\\\/www.limbergerbouwservice.nl\\\/\",\"name\":\"Limberger Bouwservice\",\"description\":\"Glazen schuifwanden, schutting &amp; overkappingen\",\"publisher\":{\"@id\":\"https:\\\/\\\/www.limbergerbouwservice.nl\\\/#organization\"},\"potentialAction\":[{\"@type\":\"SearchAction\",\"target\":{\"@type\":\"EntryPoint\",\"urlTemplate\":\"https:\\\/\\\/www.limbergerbouwservice.nl\\\/?s={search_term_string}\"},\"query-input\":{\"@type\":\"PropertyValueSpecification\",\"valueRequired\":true,\"valueName\":\"search_term_string\"}}],\"inLanguage\":\"de\"},{\"@type\":\"Organization\",\"@id\":\"https:\\\/\\\/www.limbergerbouwservice.nl\\\/#organization\",\"name\":\"Limberger Bouwservice\",\"url\":\"https:\\\/\\\/www.limbergerbouwservice.nl\\\/\",\"logo\":{\"@type\":\"ImageObject\",\"inLanguage\":\"de\",\"@id\":\"https:\\\/\\\/www.limbergerbouwservice.nl\\\/#\\\/schema\\\/logo\\\/image\\\/\",\"url\":\"https:\\\/\\\/www.limbergerbouwservice.nl\\\/wp-content\\\/uploads\\\/2021\\\/03\\\/Limberger-Bouwservice-logo.svg\",\"contentUrl\":\"https:\\\/\\\/www.limbergerbouwservice.nl\\\/wp-content\\\/uploads\\\/2021\\\/03\\\/Limberger-Bouwservice-logo.svg\",\"caption\":\"Limberger Bouwservice\"},\"image\":{\"@id\":\"https:\\\/\\\/www.limbergerbouwservice.nl\\\/#\\\/schema\\\/logo\\\/image\\\/\"}}]}<\/script>\n<!-- \/ Yoast SEO plugin. -->","yoast_head_json":{"title":"Glasschiebewand Arnheim - Limberger Bouwservice","description":"Eine Glasschiebewand in Arnheim installieren? \u2714 +500 installierte Schiebew\u00e4nde \u2714 Gute Kritiken \u2714 Kostenloses Angebot \u2714 Ma\u00dfarbeit \u2714 Schnelle Montage","robots":{"index":"index","follow":"follow","max-snippet":"max-snippet:-1","max-image-preview":"max-image-preview:large","max-video-preview":"max-video-preview:-1"},"canonical":"https:\/\/www.limbergerbouwservice.nl\/de\/glasschiebewand-arnhem\/","og_locale":"de_DE","og_type":"article","og_title":"Glazen schuifwand Arnhem - Limberger Bouwservice","og_description":"Glazen schuifwand Arnhem plaatsen? \u2714 +500 schuifwanden geplaatst \u2714 Goede reviews \u2714 Vrijblijvende offerte \u2714 Maatwerk \u2714 Snelle montage","og_url":"https:\/\/www.limbergerbouwservice.nl\/de\/glasschiebewand-arnhem\/","og_site_name":"Limberger Bouwservice","article_modified_time":"2025-06-12T11:36:59+00:00","og_image":[{"width":1366,"height":615,"url":"https:\/\/www.limbergerbouwservice.nl\/wp-content\/uploads\/2025\/06\/PHOTO-2025-06-11-10-25-02-2-Gemiddeld.jpg","type":"image\/jpeg"}],"twitter_card":"summary_large_image","twitter_misc":{"Gesch\u00e4tzte Lesezeit":"2\u00a0Minuten"},"schema":{"@context":"https:\/\/schema.org","@graph":[{"@type":"WebPage","@id":"https:\/\/www.limbergerbouwservice.nl\/glazen-schuifwand-arnhem\/","url":"https:\/\/www.limbergerbouwservice.nl\/glazen-schuifwand-arnhem\/","name":"Glasschiebewand Arnheim - Limberger Bouwservice","isPartOf":{"@id":"https:\/\/www.limbergerbouwservice.nl\/#website"},"primaryImageOfPage":{"@id":"https:\/\/www.limbergerbouwservice.nl\/glazen-schuifwand-arnhem\/#primaryimage"},"image":{"@id":"https:\/\/www.limbergerbouwservice.nl\/glazen-schuifwand-arnhem\/#primaryimage"},"thumbnailUrl":"https:\/\/www.limbergerbouwservice.nl\/wp-content\/uploads\/2025\/06\/PHOTO-2025-06-11-10-25-02-2-Gemiddeld-1024x461.jpg","datePublished":"2025-06-11T08:05:32+00:00","dateModified":"2025-06-12T11:36:59+00:00","description":"Eine Glasschiebewand in Arnheim installieren? \u2714 +500 installierte Schiebew\u00e4nde \u2714 Gute Kritiken \u2714 Kostenloses Angebot \u2714 Ma\u00dfarbeit \u2714 Schnelle Montage","breadcrumb":{"@id":"https:\/\/www.limbergerbouwservice.nl\/glazen-schuifwand-arnhem\/#breadcrumb"},"inLanguage":"de","potentialAction":[{"@type":"ReadAction","target":["https:\/\/www.limbergerbouwservice.nl\/glazen-schuifwand-arnhem\/"]}]},{"@type":"ImageObject","inLanguage":"de","@id":"https:\/\/www.limbergerbouwservice.nl\/glazen-schuifwand-arnhem\/#primaryimage","url":"https:\/\/www.limbergerbouwservice.nl\/wp-content\/uploads\/2025\/06\/PHOTO-2025-06-11-10-25-02-2-Gemiddeld-1024x461.jpg","contentUrl":"https:\/\/www.limbergerbouwservice.nl\/wp-content\/uploads\/2025\/06\/PHOTO-2025-06-11-10-25-02-2-Gemiddeld-1024x461.jpg"},{"@type":"BreadcrumbList","@id":"https:\/\/www.limbergerbouwservice.nl\/glazen-schuifwand-arnhem\/#breadcrumb","itemListElement":[{"@type":"ListItem","position":1,"name":"Home","item":"https:\/\/www.limbergerbouwservice.nl\/"},{"@type":"ListItem","position":2,"name":"Glazen schuifwand Arnhem"}]},{"@type":"WebSite","@id":"https:\/\/www.limbergerbouwservice.nl\/#website","url":"https:\/\/www.limbergerbouwservice.nl\/","name":"Limberger Bouwservice","description":"Glasschiebew\u00e4nde, Z\u00e4une und Vord\u00e4cher","publisher":{"@id":"https:\/\/www.limbergerbouwservice.nl\/#organization"},"potentialAction":[{"@type":"SearchAction","target":{"@type":"EntryPoint","urlTemplate":"https:\/\/www.limbergerbouwservice.nl\/?s={search_term_string}"},"query-input":{"@type":"PropertyValueSpecification","valueRequired":true,"valueName":"search_term_string"}}],"inLanguage":"de"},{"@type":"Organization","@id":"https:\/\/www.limbergerbouwservice.nl\/#organization","name":"Limberger Bouwservice","url":"https:\/\/www.limbergerbouwservice.nl\/","logo":{"@type":"ImageObject","inLanguage":"de","@id":"https:\/\/www.limbergerbouwservice.nl\/#\/schema\/logo\/image\/","url":"https:\/\/www.limbergerbouwservice.nl\/wp-content\/uploads\/2021\/03\/Limberger-Bouwservice-logo.svg","contentUrl":"https:\/\/www.limbergerbouwservice.nl\/wp-content\/uploads\/2021\/03\/Limberger-Bouwservice-logo.svg","caption":"Limberger Bouwservice"},"image":{"@id":"https:\/\/www.limbergerbouwservice.nl\/#\/schema\/logo\/image\/"}}]}},"_links":{"self":[{"href":"https:\/\/www.limbergerbouwservice.nl\/de\/wp-json\/wp\/v2\/pages\/1593","targetHints":{"allow":["GET"]}}],"collection":[{"href":"https:\/\/www.limbergerbouwservice.nl\/de\/wp-json\/wp\/v2\/pages"}],"about":[{"href":"https:\/\/www.limbergerbouwservice.nl\/de\/wp-json\/wp\/v2\/types\/page"}],"author":[{"embeddable":true,"href":"https:\/\/www.limbergerbouwservice.nl\/de\/wp-json\/wp\/v2\/users\/9"}],"replies":[{"embeddable":true,"href":"https:\/\/www.limbergerbouwservice.nl\/de\/wp-json\/wp\/v2\/comments?post=1593"}],"version-history":[{"count":1,"href":"https:\/\/www.limbergerbouwservice.nl\/de\/wp-json\/wp\/v2\/pages\/1593\/revisions"}],"predecessor-version":[{"id":1733,"href":"https:\/\/www.limbergerbouwservice.nl\/de\/wp-json\/wp\/v2\/pages\/1593\/revisions\/1733"}],"wp:attachment":[{"href":"https:\/\/www.limbergerbouwservice.nl\/de\/wp-json\/wp\/v2\/media?parent=1593"}],"curies":[{"name":"wp","href":"https:\/\/api.w.org\/{rel}","templated":true}]}}